{"id":1421,"date":"2021-03-24T12:02:59","date_gmt":"2021-03-24T12:02:59","guid":{"rendered":"https:\/\/beta.copter.com\/?post_type=product&#038;p=1421"},"modified":"2021-04-14T07:35:20","modified_gmt":"2021-04-14T07:35:20","slug":"original-film-iphone-7-svart","status":"publish","type":"product","link":"https:\/\/beta.copter.com\/sv\/produkt\/slittaliga-skarmskydd\/original-film-iphone-7-svart\/","title":{"rendered":"Original Film &#8211; iPhone 7 Svart"},"content":{"rendered":"","protected":false},"excerpt":{"rendered":"<h2>Sk\u00e4rmskydd i slitstark film med optimalt skydd mot repor<\/h2>\n<p>Detta sk\u00e4rmskydd \u00e4r tillverkat av plast med avancerad teknik som skapar en produkt med enorm slitstyrka och rept\u00e5lighet. Filmen utvecklades f\u00f6rst av den amerikanska arm\u00e9n f\u00f6r att skydda rotorblad p\u00e5 arm\u00e9ns helikoptrar under Kuwaitkriget. Faktisk kan du sk\u00e4ra igenom det med din vassaste kniv utan att det g\u00e5r i tu.<\/p>\n<p>Skyddet \u00e4r mycket rept\u00e5ligt och st\u00e5r emot repor fr\u00e5n till exempel nycklar och mynt som du haft i fickan ihop med telefonen. Filmen har sj\u00e4lvl\u00e4kande egenskaper, vilket betyder att n\u00e4r det repas s\u00e5 \u201csopas sp\u00e5ren ihop\u201d. Sk\u00e4rmskyddet \u00e4r behandlat med ett \u00e4mne som g\u00f6r att n\u00e4r du p\u00e5f\u00f6r v\u00e4rme fr\u00e5n dina fingrar, l\u00e4ker reporna.<\/p>\n<p>Eftersom materialet i Copter Original Film \u00e4r s\u00e5 otroligt segt \u00e4r det ett utm\u00e4rkt splitterskydd f\u00f6r de tillf\u00e4llen d\u00e5 en telefon uts\u00e4tts f\u00f6r s\u00e5 pass h\u00e5rda st\u00f6tar att hela glassk\u00e4rmen splittras. Filmen h\u00e5ller ihop sk\u00e4rmens alla glassk\u00e4rvor och skyddar dig mot sk\u00e4rskador s\u00e5 l\u00e4nge telefonen \u00e4r anv\u00e4ndbar.<\/p>\n<p>Sk\u00e4rmskyddet \u00e4r enkelt att montera och n\u00e4r det \u00e4r korrekt applicerat ger det inga luftbubblor mot sk\u00e4rmen.<\/p>\n<p>I och med det tunna materialet g\u00e5r inte sk\u00e4rmk\u00e4nslan f\u00f6rlorad. Med filmen monterad \u00e4r displayen lika k\u00e4nslig f\u00f6r kontakt (klick och swipe) som om den inte bar skydd.<\/p>\n<p>Sk\u00e4rmskydd Original Film passar telefoner med b\u00e5de raka och rundade kanter. Det fungerar mycket bra tillsammans med alla mobilskal. Det \u00e4r transparent och smiter \u00e5t perfekt i kanterna.<\/p>\n<p><strong>Teknisk specifikation<\/strong><\/p>\n<ul>\n<li>Sj\u00e4lvl\u00e4kande egenskaper<\/li>\n<li>Repskydd<\/li>\n<li>Splitterskydd<\/li>\n<li>HD Clarity<\/li>\n<li>Responsiv sk\u00e4rmkontakt (klick och swipe)<\/li>\n<li>Osynlig passform<\/li>\n<li>Milit\u00e4rteknisk utveckling<\/li>\n<\/ul>\n","protected":false},"featured_media":911,"comment_status":"open","ping_status":"closed","template":"","meta":[],"_links":{"self":[{"href":"https:\/\/beta.copter.com\/sv\/wp-json\/wp\/v2\/product\/1421"}],"collection":[{"href":"https:\/\/beta.copter.com\/sv\/wp-json\/wp\/v2\/product"}],"about":[{"href":"https:\/\/beta.copter.com\/sv\/wp-json\/wp\/v2\/types\/product"}],"replies":[{"embeddable":true,"href":"https:\/\/beta.copter.com\/sv\/wp-json\/wp\/v2\/comments?post=1421"}],"wp:featuredmedia":[{"embeddable":true,"href":"https:\/\/beta.copter.com\/sv\/wp-json\/wp\/v2\/media\/911"}],"wp:attachment":[{"href":"https:\/\/beta.copter.com\/sv\/wp-json\/wp\/v2\/media?parent=1421"}],"curies":[{"name":"wp","href":"https:\/\/api.w.org\/{rel}","templated":true}]}}