{"id":1455,"date":"2021-03-24T12:59:12","date_gmt":"2021-03-24T12:59:12","guid":{"rendered":"https:\/\/beta.copter.com\/?post_type=product&#038;p=1455"},"modified":"2021-04-14T07:31:41","modified_gmt":"2021-04-14T07:31:41","slug":"exoglass-flat-iphone-11-pro","status":"publish","type":"product","link":"https:\/\/beta.copter.com\/sv\/produkt\/anpassade-skarmskydd\/exoglass-flat-iphone-11-pro\/","title":{"rendered":"Exoglass\u2122 Flat &#8211; iPhone 11 Pro"},"content":{"rendered":"","protected":false},"excerpt":{"rendered":"<h2>Mycket st\u00f6tt\u00e5ligt sk\u00e4rmskydd i h\u00e4rdat planglas<\/h2>\n<p>Skyddet \u00e4r tillverkat i ett tunt glas i h\u00f6gsta kvalitet som genom h\u00e4rdning n\u00e5r enorm h\u00e5rdhet vilket g\u00f6r det mycket st\u00f6tt\u00e5ligt. Ibland kallas glaset ocks\u00e5 f\u00f6r tempererat glas vilket \u00e4r detsamma som h\u00e4rdat glas.<\/p>\n<p><!--more--><\/p>\n<p>Med sk\u00e4rmskydd monterat kan du lugnt anv\u00e4nda din telefon utan att oroa dig f\u00f6r st\u00f6tar, repor eller krossad sk\u00e4rm. Skyddet tar sm\u00e4llen och om det g\u00e5r s\u00f6nder \u00e4r det enkelt att montera ett nytt.<\/p>\n<p>Glaset behandlas med en fettavvisande bel\u00e4ggning som minimerar fingeravtryck p\u00e5 glaset.<\/p>\n<p>Sk\u00e4rmskyddet \u00e4r enkelt att montera och n\u00e4r det \u00e4r korrekt applicerat ger det inga luftbubblor mot sk\u00e4rmen.<\/p>\n<p>P\u00e5 grund av det tunna materialet g\u00e5r inte sk\u00e4rmk\u00e4nslan f\u00f6rlorad. Skyddsglaset \u00e4r lika k\u00e4nsligt f\u00f6r kontakt (klick och swipe) som telefonens display.<\/p>\n<p>Glasskydd EXOGLASS Flat passar de flesta telefoner. Det \u00e4r ett planglas som monteras plant mot sk\u00e4rmen, vilket betyder att det inte omsluter telefonens eventuella rundade kanter. Det fungerar tillsammans med mobilskal som monteras fr\u00e5n telefonens baksida.<\/p>\n<p>Skyddet levereras med instruktioner och allt du beh\u00f6ver f\u00f6r en enkel montering.<\/p>\n<p>&nbsp;<\/p>\n<p><strong>Teknisk specifikation<\/strong><\/p>\n<ul>\n<li>Dubbelh\u00e4rdat joniserat glas med h\u00e5rdhet 9H<\/li>\n<li>Fett- och vattenavvisande nanobel\u00e4ggning<\/li>\n<li>St\u00f6tskydd<\/li>\n<li>Repskydd<\/li>\n<li>Splitterskydd<\/li>\n<li>HD Clarity<\/li>\n<li>Responsiv sk\u00e4rmkontakt (klick och swipe)<\/li>\n<\/ul>\n","protected":false},"featured_media":912,"comment_status":"open","ping_status":"closed","template":"","meta":[],"_links":{"self":[{"href":"https:\/\/beta.copter.com\/sv\/wp-json\/wp\/v2\/product\/1455"}],"collection":[{"href":"https:\/\/beta.copter.com\/sv\/wp-json\/wp\/v2\/product"}],"about":[{"href":"https:\/\/beta.copter.com\/sv\/wp-json\/wp\/v2\/types\/product"}],"replies":[{"embeddable":true,"href":"https:\/\/beta.copter.com\/sv\/wp-json\/wp\/v2\/comments?post=1455"}],"wp:featuredmedia":[{"embeddable":true,"href":"https:\/\/beta.copter.com\/sv\/wp-json\/wp\/v2\/media\/912"}],"wp:attachment":[{"href":"https:\/\/beta.copter.com\/sv\/wp-json\/wp\/v2\/media?parent=1455"}],"curies":[{"name":"wp","href":"https:\/\/api.w.org\/{rel}","templated":true}]}}