{"id":1519,"date":"2021-03-24T15:54:12","date_gmt":"2021-03-24T15:54:12","guid":{"rendered":"https:\/\/beta.copter.com\/?post_type=product&#038;p=1519"},"modified":"2021-04-14T07:24:41","modified_gmt":"2021-04-14T07:24:41","slug":"exoglass-curved-samsung-galaxy-a71","status":"publish","type":"product","link":"https:\/\/beta.copter.com\/sv\/produkt\/anpassade-skarmskydd\/exoglass-curved-samsung-galaxy-a71\/","title":{"rendered":"Exoglass\u2122 Curved &#8211; Samsung Galaxy A71"},"content":{"rendered":"","protected":false},"excerpt":{"rendered":"<h2>Mycket st\u00f6tt\u00e5ligt glasskydd med droppskydd och splitterskydd.<\/h2>\n<p>Detta sk\u00e4rmskydd har alla de kvaliteter som v\u00e5rt planglas har, men \u00e4r framtaget f\u00f6r att passa de telefoner som tillverkats med rundade kanter. Skyddet omsluter kanterna och har d\u00e4rf\u00f6r en \u201cosynlig\u201d passform. <!--more--><\/p>\n<p>Skyddet \u00e4r tillverkat i ett tunt glas som genom h\u00e4rdning n\u00e5r en mycket h\u00f6g h\u00e5rdhet. Ibland kallas glaset ocks\u00e5 f\u00f6r tempererat glas vilket \u00e4r detsamma som h\u00e4rdat glas. Processen ger glaset en enorm h\u00e5rdhet vilket g\u00f6r glaset mycket st\u00f6tt\u00e5ligt.<\/p>\n<p>Det klarar dropp fr\u00e5n bord, v\u00e4skor och fickor p\u00e5 olika underlag och skyddar din sk\u00e4rm fr\u00e5n sprickor och repor. L\u00e5t skyddet ta sm\u00e4llen n\u00e4r olyckan \u00e4r framme ist\u00e4llet f\u00f6r din originalsk\u00e4rm.<\/p>\n<p>Glaset behandlas med en fettavvisande bel\u00e4ggning som minimerar fingeravtryck p\u00e5 glaset.<\/p>\n<p>Sk\u00e4rmskyddet \u00e4r enkelt att montera och n\u00e4r det \u00e4r korrekt applicerat ger det inga luftbubblor mot sk\u00e4rmen.<\/p>\n<p>P\u00e5 grund av det tunna materialet g\u00e5r inte sk\u00e4rmk\u00e4nslan f\u00f6rlorad. Skyddsglaset \u00e4r lika k\u00e4nsligt f\u00f6r kontakt (klick och swipe) som telefonens display.<\/p>\n<p>Glasskydd EXOGLASS Curved passar telefoner med rundade kanter. Det fungerar tillsammans med vissa mobilskal, var uppm\u00e4rksam s\u00e5 att mobilskalet inte sitter f\u00f6r h\u00e5rt.<\/p>\n<p>Det levereras med instruktioner och allt du beh\u00f6ver f\u00f6r en enkel montering.<\/p>\n<p><strong>Teknisk specifikation<\/strong><\/p>\n<ul>\n<li>Dubbelh\u00e4rdat joniserat glas med h\u00e5rdhet 9H<\/li>\n<li>Fett- och vattenavvisande nanobel\u00e4ggning<\/li>\n<li>St\u00f6tskydd<\/li>\n<li>Repskydd<\/li>\n<li>Splitterskydd<\/li>\n<li>HD Clarity<\/li>\n<li>Responsiv sk\u00e4rmkontakt (klick och swipe)<\/li>\n<li>Rundad, osynlig passform<\/li>\n<\/ul>\n","protected":false},"featured_media":910,"comment_status":"open","ping_status":"closed","template":"","meta":[],"_links":{"self":[{"href":"https:\/\/beta.copter.com\/sv\/wp-json\/wp\/v2\/product\/1519"}],"collection":[{"href":"https:\/\/beta.copter.com\/sv\/wp-json\/wp\/v2\/product"}],"about":[{"href":"https:\/\/beta.copter.com\/sv\/wp-json\/wp\/v2\/types\/product"}],"replies":[{"embeddable":true,"href":"https:\/\/beta.copter.com\/sv\/wp-json\/wp\/v2\/comments?post=1519"}],"wp:featuredmedia":[{"embeddable":true,"href":"https:\/\/beta.copter.com\/sv\/wp-json\/wp\/v2\/media\/910"}],"wp:attachment":[{"href":"https:\/\/beta.copter.com\/sv\/wp-json\/wp\/v2\/media?parent=1519"}],"curies":[{"name":"wp","href":"https:\/\/api.w.org\/{rel}","templated":true}]}}