{"id":1533,"date":"2021-03-24T17:56:56","date_gmt":"2021-03-24T17:56:56","guid":{"rendered":"https:\/\/beta.copter.com\/?post_type=product&#038;p=1533"},"modified":"2021-04-20T11:08:25","modified_gmt":"2021-04-20T11:08:25","slug":"exoglass-privacy-iphone-se","status":"publish","type":"product","link":"https:\/\/beta.copter.com\/sv\/produkt\/anpassade-skarmskydd\/exoglass-privacy-iphone-se\/","title":{"rendered":"Exoglass\u2122 Privacy &#8211; iPhone SE"},"content":{"rendered":"","protected":false},"excerpt":{"rendered":"<h2>St\u00f6tt\u00e5ligt sk\u00e4rmskydd i h\u00e4rdat glas med integritetsfilter<\/h2>\n<p>Skyddet har alla de kvaliteter som v\u00e5ra glasskydd har med integritetsskyddet som till\u00e4gg. \u00c4r det viktigt f\u00f6r dig att h\u00e5lla inneh\u00e5llet p\u00e5 din sk\u00e4rm f\u00f6r dig sj\u00e4lv? P\u00e5 bussen, i konsertk\u00f6n eller bland nyfikna f\u00f6delsedagsbarn kan ett sk\u00e4rmskydd med integritetsskydd vara p\u00e5 sin plats. Med skyddet monterat syns sk\u00e4rmens aktivitet endast direkt framifr\u00e5n, andra ser den som m\u00f6rk. <!--more--><\/p>\n<p>Skyddet \u00e4r tillverkat i ett mycket tunt, h\u00e4rdat glas, som \u00e4ven kallas tempererat glas. Genom h\u00e4rdning n\u00e5r glaset en enormt h\u00f6g st\u00f6tt\u00e5lighet.<\/p>\n<p>L\u00e5t skyddet ta st\u00f6tar, repor och slag ist\u00e4llet f\u00f6r att uts\u00e4tta din originalsk\u00e4rm f\u00f6r skada. G\u00e5r skyddet s\u00f6nder \u00e4r det en enkel sak att ers\u00e4tta.<\/p>\n<p>P\u00e5 grund av det tunna glaset g\u00e5r inte sk\u00e4rmk\u00e4nslan f\u00f6rlorad, skyddsglaset \u00e4r lika k\u00e4nsligt f\u00f6r kontakt (klick och swipe) som telefonens display.<\/p>\n<p>Glaset behandlas med en fettavvisande bel\u00e4ggning som minimerar fingeravtryck p\u00e5 glaset.<\/p>\n<p>Sk\u00e4rmskyddet \u00e4r enkelt att montera och n\u00e4r det \u00e4r korrekt applicerat ger det inga luftbubblor mot sk\u00e4rmen.<\/p>\n<p>Glasskydd EXOGLASS Privacy tillverkas f\u00f6r iPhone i h\u00e4rdat glas.<\/p>\n<p>Det levereras med instruktioner och allt du beh\u00f6ver f\u00f6r en enkel montering.<\/p>\n<p>&nbsp;<\/p>\n<p><strong>Teknisk specifikation<\/strong><\/p>\n<ul>\n<li>Integritetsfilter<\/li>\n<li>Dubbelh\u00e4rdat joniserat glas med h\u00e5rdhet 9H<\/li>\n<li>Fett- och vattenavvisande nanobel\u00e4ggning<\/li>\n<li>St\u00f6tskydd<\/li>\n<li>Repskydd<\/li>\n<li>Splitterskydd<\/li>\n<li>HD Clarity<\/li>\n<li>Responsiv sk\u00e4rmkontakt (klick och swipe)<\/li>\n<li>Rundad, osynlig passform<\/li>\n<\/ul>\n","protected":false},"featured_media":913,"comment_status":"open","ping_status":"closed","template":"","meta":[],"_links":{"self":[{"href":"https:\/\/beta.copter.com\/sv\/wp-json\/wp\/v2\/product\/1533"}],"collection":[{"href":"https:\/\/beta.copter.com\/sv\/wp-json\/wp\/v2\/product"}],"about":[{"href":"https:\/\/beta.copter.com\/sv\/wp-json\/wp\/v2\/types\/product"}],"replies":[{"embeddable":true,"href":"https:\/\/beta.copter.com\/sv\/wp-json\/wp\/v2\/comments?post=1533"}],"wp:featuredmedia":[{"embeddable":true,"href":"https:\/\/beta.copter.com\/sv\/wp-json\/wp\/v2\/media\/913"}],"wp:attachment":[{"href":"https:\/\/beta.copter.com\/sv\/wp-json\/wp\/v2\/media?parent=1533"}],"curies":[{"name":"wp","href":"https:\/\/api.w.org\/{rel}","templated":true}]}}